{"id":6473,"date":"2024-10-30T13:56:37","date_gmt":"2024-10-30T18:56:37","guid":{"rendered":"https:\/\/duplicationnation.com\/?post_type=product&#038;p=6473"},"modified":"2024-11-01T14:24:48","modified_gmt":"2024-11-01T19:24:48","slug":"laboratorio-personalizado-de-reclutamiento-masivo","status":"publish","type":"product","link":"https:\/\/duplicationnation.com\/es\/producto\/laboratorio-personalizado-de-reclutamiento-masivo\/","title":{"rendered":"Laboratorio Personalizado de Reclutamiento Masivo"},"content":{"rendered":"<h2 style=\"text-align: center;\"><strong>Jaime Lokier y Randy Gage<\/strong><\/h2>\n<p style=\"text-align: center;\"><span style=\"font-weight: 400;\">Un fin de semana del 2025\u00a0<\/span><\/p>\n<p style=\"text-align: center;\"><span style=\"font-weight: 400;\">Un hotel misterioso en Canc\u00fan, M\u00e9xico<\/span><\/p>\n<p><span style=\"font-weight: 400;\">Tres d\u00edas y dos noches de orientaci\u00f3n interactiva para desarrollar tu sistema de reclutamiento completo. Realizado de manera presencial en Canc\u00fan.<\/span><\/p>\n<p>&nbsp;<\/p>\n<p><b>El programa incluye:<\/b><\/p>\n<ul>\n<li><span style=\"font-weight: 400;\"> Hasta 5 asientos para tu equipo en el laboratorio en vivo.<\/span><\/li>\n<li><span style=\"font-weight: 400;\"> Un Workshop para desarrollar los temas de conversaci\u00f3n de reclutamiento espec\u00edficos para tu empresa\/equipo<\/span><\/li>\n<li><span style=\"font-weight: 400;\"> Un Workshop para desarrollar el flujo y las herramientas de tu presentaci\u00f3n.<\/span><\/li>\n<li><span style=\"font-weight: 400;\"> Un <\/span><i><span style=\"font-weight: 400;\">Hot Seat<\/span><\/i><span style=\"font-weight: 400;\"> con cr\u00edtica de tu reuni\u00f3n de oportunidad, del camino del candidato o de la escalera de eventos.\u00a0<\/span><\/li>\n<li><span style=\"font-weight: 400;\"> Capacitaci\u00f3n de medio d\u00eda para todo tu equipo para ense\u00f1ar nuestro secreto #1 para el \u00e9xito: \u201cLa F\u00f3rmula de la Cultura de Crecimiento\u201d<\/span>&nbsp;<\/li>\n<\/ul>\n<p><b>Tambi\u00e9n incluye las siguientes capacitaciones:<\/b><\/p>\n<ul>\n<li><span style=\"font-weight: 400;\"> Qu\u00e9 hace que una invitaci\u00f3n sea atractiva<\/span><\/li>\n<li><span style=\"font-weight: 400;\"> Creaci\u00f3n de un potente sistema org\u00e1nico de contrataci\u00f3n <\/span><i><span style=\"font-weight: 400;\">online<\/span><\/i><\/li>\n<li><span style=\"font-weight: 400;\"> Creando tu perfecto camino de candidato<\/span><\/li>\n<li><span style=\"font-weight: 400;\"> Implementar una cultura de reclutamiento activo en tu equipo<\/span><\/li>\n<li><span style=\"font-weight: 400;\"> Construyendo una escalera de eventos efectiva<\/span><\/li>\n<\/ul>\n<p><b>Inversi\u00f3n<\/b><span style=\"font-weight: 400;\">: S\u00f3lo US$7.500 o 5 Pagos de $1.700.<\/span><\/p>\n<p><span style=\"font-weight: 400;\">(Hasta agotar cupos. \u00a1Solo un cupo por empresa!)<\/span><\/p>","protected":false},"excerpt":{"rendered":"<p>Jaime Lokier y Randy Gage Un fin de semana del 2025\u00a0 Un hotel misterioso en Canc\u00fan, M\u00e9xico Tres d\u00edas y dos noches de orientaci\u00f3n interactiva para desarrollar tu sistema de&hellip;<\/p>","protected":false},"featured_media":6492,"template":"","meta":{"_acf_changed":false,"_joinchat":[]},"product_brand":[],"product_cat":[44],"product_tag":[],"class_list":{"0":"post-6473","1":"product","2":"type-product","3":"status-publish","4":"has-post-thumbnail","6":"product_cat-espanol","8":"first","9":"instock","10":"virtual","11":"purchasable","12":"product-type-simple"},"acf":[],"_links":{"self":[{"href":"https:\/\/duplicationnation.com\/es\/wp-json\/wp\/v2\/product\/6473","targetHints":{"allow":["GET"]}}],"collection":[{"href":"https:\/\/duplicationnation.com\/es\/wp-json\/wp\/v2\/product"}],"about":[{"href":"https:\/\/duplicationnation.com\/es\/wp-json\/wp\/v2\/types\/product"}],"wp:featuredmedia":[{"embeddable":true,"href":"https:\/\/duplicationnation.com\/es\/wp-json\/wp\/v2\/media\/6492"}],"wp:attachment":[{"href":"https:\/\/duplicationnation.com\/es\/wp-json\/wp\/v2\/media?parent=6473"}],"wp:term":[{"taxonomy":"product_brand","embeddable":true,"href":"https:\/\/duplicationnation.com\/es\/wp-json\/wp\/v2\/product_brand?post=6473"},{"taxonomy":"product_cat","embeddable":true,"href":"https:\/\/duplicationnation.com\/es\/wp-json\/wp\/v2\/product_cat?post=6473"},{"taxonomy":"product_tag","embeddable":true,"href":"https:\/\/duplicationnation.com\/es\/wp-json\/wp\/v2\/product_tag?post=6473"}],"curies":[{"name":"wp","href":"https:\/\/api.w.org\/{rel}","templated":true}]}}