{"id":5821,"date":"2024-02-06T10:16:56","date_gmt":"2024-02-06T15:16:56","guid":{"rendered":"https:\/\/duplicationnation.com\/?post_type=product&#038;p=5821"},"modified":"2024-02-06T21:13:11","modified_gmt":"2024-02-07T02:13:11","slug":"financial-freedom-symposium-vip","status":"publish","type":"product","link":"https:\/\/duplicationnation.com\/es\/producto\/financial-freedom-symposium-vip\/","title":{"rendered":"Financial Freedom Symposium VIP"},"content":{"rendered":"<p>C\u00f3mo Transformar Tus Cheques de Bonificaci\u00f3n en una M\u00e1quina de Crear Riqueza<\/p>","protected":false},"excerpt":{"rendered":"<p>C\u00f3mo Transformar Tus Cheques de Bonificaci\u00f3n en una M\u00e1quina de Crear Riqueza<\/p>","protected":false},"featured_media":5932,"template":"","meta":{"_acf_changed":false,"_joinchat":[]},"product_brand":[],"product_cat":[24],"product_tag":[],"class_list":{"0":"post-5821","1":"product","2":"type-product","3":"status-publish","4":"has-post-thumbnail","6":"product_cat-uncategorized","8":"first","9":"instock","10":"shipping-taxable","11":"purchasable","12":"product-type-simple"},"acf":[],"_links":{"self":[{"href":"https:\/\/duplicationnation.com\/es\/wp-json\/wp\/v2\/product\/5821","targetHints":{"allow":["GET"]}}],"collection":[{"href":"https:\/\/duplicationnation.com\/es\/wp-json\/wp\/v2\/product"}],"about":[{"href":"https:\/\/duplicationnation.com\/es\/wp-json\/wp\/v2\/types\/product"}],"wp:featuredmedia":[{"embeddable":true,"href":"https:\/\/duplicationnation.com\/es\/wp-json\/wp\/v2\/media\/5932"}],"wp:attachment":[{"href":"https:\/\/duplicationnation.com\/es\/wp-json\/wp\/v2\/media?parent=5821"}],"wp:term":[{"taxonomy":"product_brand","embeddable":true,"href":"https:\/\/duplicationnation.com\/es\/wp-json\/wp\/v2\/product_brand?post=5821"},{"taxonomy":"product_cat","embeddable":true,"href":"https:\/\/duplicationnation.com\/es\/wp-json\/wp\/v2\/product_cat?post=5821"},{"taxonomy":"product_tag","embeddable":true,"href":"https:\/\/duplicationnation.com\/es\/wp-json\/wp\/v2\/product_tag?post=5821"}],"curies":[{"name":"wp","href":"https:\/\/api.w.org\/{rel}","templated":true}]}}