{"id":3185,"date":"2023-04-12T23:38:51","date_gmt":"2023-04-13T04:38:51","guid":{"rendered":"https:\/\/duplicationnation.com\/?post_type=product&#038;p=3185"},"modified":"2024-03-28T19:08:11","modified_gmt":"2024-03-29T00:08:11","slug":"recruiting-symposium","status":"publish","type":"product","link":"https:\/\/duplicationnation.com\/es\/producto\/recruiting-symposium\/","title":{"rendered":"Recruiting Symposium"},"content":{"rendered":"<h4>How to Create Team-Wide Recruiting Culture Video Training Symposium<\/h4>\n<h5>Por Randy Gage &amp; Jaime Lokier<\/h5>\n<p>If you&#8217;re ready to create a pervasive, air-tight culture of active recruiting in your team or company, this is the training for you! This special all-day Leadership Symposium was recorded live.<\/p>\n<p><strong>Descubrir\u00e1s<\/strong> todos <strong>elements for creating the infrastructure, culture, marketing tools<\/strong>, and training modules required to <strong>create maximum recruiting<\/strong> en tu equipo.<\/p>\n<p>Este programa es contenido avanzado, exclusivamente para los principales l\u00edderes de campo y ejecutivos corporativos C-suite y sus departamentos de marketing. No debe presentarse a distribuidores principiantes o de nivel medio.<\/p>\n<p><strong>Here&#8217;s the information-dense modules you&#8217;ll receive:<\/strong><\/p>\n<ul>\n<li>Los 7 elementos clave para la duplicaci\u00f3n de reclutamiento<\/li>\n<li>How to Build Out an Effective &#8220;Candidate Pathway&#8221;<\/li>\n<li>Las 9 herramientas espec\u00edficas que debes tener para ser efectivo<\/li>\n<li>7 secretos para crear presentaciones de oportunidades que agarran la garganta<\/li>\n<li>Creating &#8220;Lights Out&#8221; Recruiting Culture<\/li>\n<li>Dise\u00f1o del plan de estudios de capacitaci\u00f3n m\u00e1s efectivo sobre conjuntos de habilidades de reclutamiento<\/li>\n<li>Recursos recomendados<\/li>\n<li>Tu plan de acci\u00f3n<\/li>\n<\/ul>","protected":false},"excerpt":{"rendered":"<p>This video training symposium by Randy Gage &amp; Jaime Lokier is designed for top field leaders and C-suite executives looking to establish a robust recruiting culture within their teams. Packed with advanced content, it covers essential elements like building infrastructure, utilizing marketing tools, and developing training modules to maximize recruiting activity. Participants will gain insights into key aspects such as recruiting duplication, candidate pathways, necessary tools, impactful opportunity presentations, and effective training curriculum design to create a dynamic recruiting environment.<\/p>","protected":false},"featured_media":3288,"template":"","meta":{"_acf_changed":false,"_joinchat":[]},"product_brand":[],"product_cat":[43],"product_tag":[],"class_list":{"0":"post-3185","1":"product","2":"type-product","3":"status-publish","4":"has-post-thumbnail","6":"product_cat-english","8":"first","9":"instock","10":"virtual","11":"purchasable","12":"product-type-simple"},"acf":[],"_links":{"self":[{"href":"https:\/\/duplicationnation.com\/es\/wp-json\/wp\/v2\/product\/3185","targetHints":{"allow":["GET"]}}],"collection":[{"href":"https:\/\/duplicationnation.com\/es\/wp-json\/wp\/v2\/product"}],"about":[{"href":"https:\/\/duplicationnation.com\/es\/wp-json\/wp\/v2\/types\/product"}],"wp:featuredmedia":[{"embeddable":true,"href":"https:\/\/duplicationnation.com\/es\/wp-json\/wp\/v2\/media\/3288"}],"wp:attachment":[{"href":"https:\/\/duplicationnation.com\/es\/wp-json\/wp\/v2\/media?parent=3185"}],"wp:term":[{"taxonomy":"product_brand","embeddable":true,"href":"https:\/\/duplicationnation.com\/es\/wp-json\/wp\/v2\/product_brand?post=3185"},{"taxonomy":"product_cat","embeddable":true,"href":"https:\/\/duplicationnation.com\/es\/wp-json\/wp\/v2\/product_cat?post=3185"},{"taxonomy":"product_tag","embeddable":true,"href":"https:\/\/duplicationnation.com\/es\/wp-json\/wp\/v2\/product_tag?post=3185"}],"curies":[{"name":"wp","href":"https:\/\/api.w.org\/{rel}","templated":true}]}}