{"id":3109,"date":"2023-03-27T20:59:06","date_gmt":"2023-03-27T20:59:06","guid":{"rendered":"https:\/\/duplicationnation.com\/?post_type=product&#038;p=3109"},"modified":"2024-03-28T19:08:30","modified_gmt":"2024-03-29T00:08:30","slug":"simposio-de-reclutamiento-es","status":"publish","type":"product","link":"https:\/\/duplicationnation.com\/es\/producto\/simposio-de-reclutamiento-es\/","title":{"rendered":"Simposio de Reclutamiento"},"content":{"rendered":"<h4>C\u00f3mo Crear una Cultura de Reclutamiento en Todo tu Equipo<\/h4>\n<h5>Por Randy Gage &amp; Jaime Lokier<\/h5>\n<p>Si est\u00e1 listo para crear una cultura generalizada y herm\u00e9tica de reclutamiento activo en su equipo o empresa, \u00a1esta es la capacitaci\u00f3n para usted! Este Simposio de Liderazgo especial de todo el d\u00eda fue grabado en vivo.<\/p>\n<p>Descubrir\u00e1s todos los elementos necesarios para crear la infraestructura, la cultura, las herramientas de marketing y los m\u00f3dulos de capacitaci\u00f3n necesarios para crear la m\u00e1xima actividad de reclutamiento en tu equipo.<\/p>\n<p>Este programa es contenido avanzado, exclusivamente para los principales l\u00edderes de campo y ejecutivos corporativos C-suite y sus departamentos de marketing. No debe presentarse a distribuidores principiantes o de nivel medio.<\/p>\n<p><strong>Aqu\u00ed est\u00e1n los m\u00f3dulos densos de informaci\u00f3n que recibir\u00e1:<\/strong><\/p>\n<ul>\n<li>Los 7 elementos clave para la duplicaci\u00f3n de reclutamiento<\/li>\n<li>C\u00f3mo construir un &#8220;camino del candidato&#8221; efectivo<\/li>\n<li>Las 9 herramientas espec\u00edficas que debes tener para ser efectivo<\/li>\n<li>7 secretos para crear presentaciones de oportunidades que agarran la garganta<\/li>\n<li>Crear una cultura de reclutamiento &#8220;Lights Out&#8221;<\/li>\n<li>Dise\u00f1o del plan de estudios de capacitaci\u00f3n m\u00e1s efectivo sobre conjuntos de habilidades de reclutamiento<\/li>\n<li>Recursos recomendados<\/li>\n<li>Tu plan de acci\u00f3n<\/li>\n<\/ul>","protected":false},"excerpt":{"rendered":"<p>Este simposio de capacitaci\u00f3n en video de Randy Gage y Jaime Lokier est\u00e1 dise\u00f1ado para l\u00edderes de campo de alto nivel y ejecutivos de C-suite que buscan establecer una s\u00f3lida cultura de reclutamiento dentro de sus equipos. Repleto de contenido avanzado, abarca elementos esenciales como la construcci\u00f3n de infraestructura, el uso de herramientas de marketing y el desarrollo de m\u00f3dulos de capacitaci\u00f3n para maximizar la actividad de reclutamiento. Los participantes obtendr\u00e1n informaci\u00f3n sobre aspectos clave como la duplicaci\u00f3n en reclutamiento, los caminos para candidatos, las herramientas necesarias, presentaciones impactantes de oportunidades y el dise\u00f1o efectivo del plan de capacitaci\u00f3n para crear un entorno din\u00e1mico de reclutamiento.<\/p>","protected":false},"featured_media":3129,"template":"","meta":{"_acf_changed":false,"_joinchat":[]},"product_brand":[],"product_cat":[44],"product_tag":[],"class_list":{"0":"post-3109","1":"product","2":"type-product","3":"status-publish","4":"has-post-thumbnail","6":"product_cat-espanol","8":"first","9":"instock","10":"virtual","11":"purchasable","12":"product-type-simple"},"acf":[],"_links":{"self":[{"href":"https:\/\/duplicationnation.com\/es\/wp-json\/wp\/v2\/product\/3109","targetHints":{"allow":["GET"]}}],"collection":[{"href":"https:\/\/duplicationnation.com\/es\/wp-json\/wp\/v2\/product"}],"about":[{"href":"https:\/\/duplicationnation.com\/es\/wp-json\/wp\/v2\/types\/product"}],"wp:featuredmedia":[{"embeddable":true,"href":"https:\/\/duplicationnation.com\/es\/wp-json\/wp\/v2\/media\/3129"}],"wp:attachment":[{"href":"https:\/\/duplicationnation.com\/es\/wp-json\/wp\/v2\/media?parent=3109"}],"wp:term":[{"taxonomy":"product_brand","embeddable":true,"href":"https:\/\/duplicationnation.com\/es\/wp-json\/wp\/v2\/product_brand?post=3109"},{"taxonomy":"product_cat","embeddable":true,"href":"https:\/\/duplicationnation.com\/es\/wp-json\/wp\/v2\/product_cat?post=3109"},{"taxonomy":"product_tag","embeddable":true,"href":"https:\/\/duplicationnation.com\/es\/wp-json\/wp\/v2\/product_tag?post=3109"}],"curies":[{"name":"wp","href":"https:\/\/api.w.org\/{rel}","templated":true}]}}