{"id":1440,"date":"2023-01-10T00:52:13","date_gmt":"2023-01-10T00:52:13","guid":{"rendered":"https:\/\/duplicationnation.com\/producto\/mlm-confidential-english-2\/"},"modified":"2024-03-21T23:41:11","modified_gmt":"2024-03-22T04:41:11","slug":"mlm-confidential-spanish","status":"publish","type":"product","link":"https:\/\/duplicationnation.com\/es\/producto\/mlm-confidential-spanish\/","title":{"rendered":"MLM Confidencial"},"content":{"rendered":"<p>El bolet\u00edn privado exclusivo para suscriptores para personas que ganan millones de d\u00f3lares y las personas que aspiran a convertirse en uno El precio de suscripci\u00f3n normal es de $347 al a\u00f1o. Por tiempo limitado, puede registrarse como suscriptor de Charter por solo $147 al a\u00f1o. Como suscriptor de Charter, se le garantizar\u00e1 este precio de renovaci\u00f3n dr\u00e1sticamente reducido de por vida, siempre que se vuelva a suscribir cada a\u00f1o. Si permite que su suscripci\u00f3n caduque, tendr\u00e1 que volver a suscribirse al precio de mercado actual). Por supuesto, puede cancelar en cualquier momento.<\/p>","protected":false},"excerpt":{"rendered":"<p>El bolet\u00edn privado exclusivo para suscriptores para personas que ganan millones de d\u00f3lares y las personas que aspiran a convertirse en uno El precio de suscripci\u00f3n normal es de $347 al a\u00f1o. Por tiempo limitado, puede registrarse como suscriptor de Charter por solo $147 al a\u00f1o. Como suscriptor de Charter, se le garantizar\u00e1 este precio de renovaci\u00f3n dr\u00e1sticamente reducido de por vida, siempre que se vuelva a suscribir cada a\u00f1o. Si permite que su suscripci\u00f3n caduque, tendr\u00e1 que volver a suscribirse al precio de mercado actual). Por supuesto, puede cancelar en cualquier momento.<\/p>","protected":false},"featured_media":750,"template":"","meta":{"_acf_changed":false,"_joinchat":[]},"product_brand":[],"product_cat":[44],"product_tag":[],"class_list":{"0":"post-1440","1":"product","2":"type-product","3":"status-publish","4":"has-post-thumbnail","6":"product_cat-espanol","8":"first","9":"instock","10":"sale","11":"virtual","12":"purchasable","13":"product-type-subscription"},"acf":[],"_links":{"self":[{"href":"https:\/\/duplicationnation.com\/es\/wp-json\/wp\/v2\/product\/1440","targetHints":{"allow":["GET"]}}],"collection":[{"href":"https:\/\/duplicationnation.com\/es\/wp-json\/wp\/v2\/product"}],"about":[{"href":"https:\/\/duplicationnation.com\/es\/wp-json\/wp\/v2\/types\/product"}],"wp:featuredmedia":[{"embeddable":true,"href":"https:\/\/duplicationnation.com\/es\/wp-json\/wp\/v2\/media\/750"}],"wp:attachment":[{"href":"https:\/\/duplicationnation.com\/es\/wp-json\/wp\/v2\/media?parent=1440"}],"wp:term":[{"taxonomy":"product_brand","embeddable":true,"href":"https:\/\/duplicationnation.com\/es\/wp-json\/wp\/v2\/product_brand?post=1440"},{"taxonomy":"product_cat","embeddable":true,"href":"https:\/\/duplicationnation.com\/es\/wp-json\/wp\/v2\/product_cat?post=1440"},{"taxonomy":"product_tag","embeddable":true,"href":"https:\/\/duplicationnation.com\/es\/wp-json\/wp\/v2\/product_tag?post=1440"}],"curies":[{"name":"wp","href":"https:\/\/api.w.org\/{rel}","templated":true}]}}