{"id":6091,"date":"2024-03-20T15:18:04","date_gmt":"2024-03-20T20:18:04","guid":{"rendered":"https:\/\/duplicationnation.com\/?page_id=6091"},"modified":"2024-11-04T14:12:33","modified_gmt":"2024-11-04T19:12:33","slug":"rapid-thank-you","status":"publish","type":"page","link":"https:\/\/duplicationnation.com\/es\/rapid-thank-you\/","title":{"rendered":"Rapid Subscription Thank you"},"content":{"rendered":"<div data-elementor-type=\"wp-page\" data-elementor-id=\"6091\" class=\"elementor elementor-6091\" data-elementor-post-type=\"page\">\n\t\t\t\t\t\t<section class=\"elementor-section elementor-top-section elementor-element elementor-element-3924180 elementor-section-boxed elementor-section-height-default elementor-section-height-default\" data-id=\"3924180\" data-element_type=\"section\" data-e-type=\"section\">\n\t\t\t\t\t\t<div class=\"elementor-container elementor-column-gap-default\">\n\t\t\t\t\t<div class=\"elementor-column elementor-col-100 elementor-top-column elementor-element elementor-element-f075bd2\" data-id=\"f075bd2\" data-element_type=\"column\" data-e-type=\"column\">\n\t\t\t<div class=\"elementor-widget-wrap elementor-element-populated\">\n\t\t\t\t\t\t<div class=\"elementor-element elementor-element-382e19d elementor-widget elementor-widget-heading\" data-id=\"382e19d\" data-element_type=\"widget\" data-e-type=\"widget\" data-widget_type=\"heading.default\">\n\t\t\t\t<div class=\"elementor-widget-container\">\n\t\t\t\t\t<h1 class=\"elementor-heading-title elementor-size-default\">\u00a1Felicidades! Tu Registro Ha Sido Exitoso<\/h1>\t\t\t\t<\/div>\n\t\t\t\t<\/div>\n\t\t\t\t<div class=\"elementor-element elementor-element-906c0dd elementor-widget elementor-widget-text-editor\" data-id=\"906c0dd\" data-element_type=\"widget\" data-e-type=\"widget\" data-widget_type=\"text-editor.default\">\n\t\t\t\t<div class=\"elementor-widget-container\">\n\t\t\t\t\t\t\t\t\t<p>Te has suscrito con \u00e9xito al Bolet\u00edn de Duplication Nation. A partir de ahora, recibir\u00e1s una alerta semanal de parte de Randy y Jaime, ofreci\u00e9ndote perspectivas sobre c\u00f3mo reclutar de manera m\u00e1s efectiva, identificar a potenciales l\u00edderes y desarrollarlos r\u00e1pidamente.\u00a0<\/p><p>\"Cada edici\u00f3n est\u00e1 repleta de contenido valioso dise\u00f1ado para mejorar tus habilidades en aspectos esenciales de networking como conocer gente nueva, invitar, presentar y dar seguimiento.\"\u00a0<\/p>\t\t\t\t\t\t\t\t<\/div>\n\t\t\t\t<\/div>\n\t\t\t\t\t<\/div>\n\t\t<\/div>\n\t\t\t\t\t<\/div>\n\t\t<\/section>\n\t\t<div class=\"elementor-element elementor-element-68f8efc e-flex e-con-boxed e-con e-parent\" data-id=\"68f8efc\" data-element_type=\"container\" data-e-type=\"container\">\n\t\t\t\t\t<div class=\"e-con-inner\">\n\t\t\t\t<div class=\"elementor-element elementor-element-8ef0812 dce_masking-none elementor-widget elementor-widget-image\" data-id=\"8ef0812\" data-element_type=\"widget\" data-e-type=\"widget\" data-no-translation=\"\" data-widget_type=\"image.default\">\n\t\t\t\t<div class=\"elementor-widget-container\">\n\t\t\t\t\t<style>.elementor-element-8ef0812{display:none !important}<\/style>\t\t\t\t<\/div>\n\t\t\t\t<\/div>\n\t\t\t\t<div class=\"elementor-element elementor-element-b2a3387 dce_masking-none elementor-widget elementor-widget-image\" data-id=\"b2a3387\" data-element_type=\"widget\" data-e-type=\"widget\" data-no-translation=\"\" data-widget_type=\"image.default\">\n\t\t\t\t<div class=\"elementor-widget-container\">\n\t\t\t\t\t\t\t\t\t\t\t\t\t\t\t<img fetchpriority=\"high\" decoding=\"async\" width=\"212\" height=\"300\" src=\"https:\/\/duplicationnation.com\/wp-content\/uploads\/2024\/04\/Rapid-Start-Guide-DN-ES-212x300.jpg\" class=\"attachment-medium size-medium wp-image-6211\" alt=\"Gu\u00eda de inicio rapido\" srcset=\"https:\/\/duplicationnation.com\/wp-content\/uploads\/2024\/04\/Rapid-Start-Guide-DN-ES-212x300.jpg 212w, https:\/\/duplicationnation.com\/wp-content\/uploads\/2024\/04\/Rapid-Start-Guide-DN-ES-723x1024.jpg 723w, https:\/\/duplicationnation.com\/wp-content\/uploads\/2024\/04\/Rapid-Start-Guide-DN-ES-768x1087.jpg 768w, https:\/\/duplicationnation.com\/wp-content\/uploads\/2024\/04\/Rapid-Start-Guide-DN-ES-8x12.jpg 8w, https:\/\/duplicationnation.com\/wp-content\/uploads\/2024\/04\/Rapid-Start-Guide-DN-ES-600x849.jpg 600w, https:\/\/duplicationnation.com\/wp-content\/uploads\/2024\/04\/Rapid-Start-Guide-DN-ES.jpg 1013w\" sizes=\"(max-width: 212px) 100vw, 212px\" \/>\t\t\t\t\t\t\t\t\t\t\t\t\t\t\t<\/div>\n\t\t\t\t<\/div>\n\t\t\t\t\t<\/div>\n\t\t\t\t<\/div>\n\t\t<div class=\"elementor-element elementor-element-fd5120b e-flex e-con-boxed e-con e-parent\" data-id=\"fd5120b\" data-element_type=\"container\" data-e-type=\"container\">\n\t\t\t\t\t<div class=\"e-con-inner\">\n\t\t\t\t<div class=\"elementor-element elementor-element-e7b6b96 elementor-align-center elementor-widget elementor-widget-button\" data-id=\"e7b6b96\" data-element_type=\"widget\" data-e-type=\"widget\" data-no-translation=\"\" data-widget_type=\"button.default\">\n\t\t\t\t<div class=\"elementor-widget-container\">\n\t\t\t\t\t<style>.elementor-element-e7b6b96{display:none !important}<\/style>\t\t\t\t<\/div>\n\t\t\t\t<\/div>\n\t\t\t\t<div class=\"elementor-element elementor-element-3b42b9a elementor-align-center elementor-widget elementor-widget-button\" data-id=\"3b42b9a\" data-element_type=\"widget\" data-e-type=\"widget\" data-no-translation=\"\" data-widget_type=\"button.default\">\n\t\t\t\t<div class=\"elementor-widget-container\">\n\t\t\t\t\t\t\t\t\t<div class=\"elementor-button-wrapper\">\n\t\t\t\t\t<a class=\"elementor-button elementor-button-link elementor-size-sm\" href=\"https:\/\/duplicationnation.com\/wp-content\/uploads\/2024\/03\/Guia-de-inicio-rapido-DN-ES.pdf\" target=\"_blank\">\n\t\t\t\t\t\t<span class=\"elementor-button-content-wrapper\">\n\t\t\t\t\t\t\t\t\t<span class=\"elementor-button-text\">\"\u00a1Descarga tu Gu\u00eda de Inicio R\u00e1pido Aqu\u00ed!\"<\/span>\n\t\t\t\t\t<\/span>\n\t\t\t\t\t<\/a>\n\t\t\t\t<\/div>\n\t\t\t\t\t\t\t\t<\/div>\n\t\t\t\t<\/div>\n\t\t\t\t\t<\/div>\n\t\t\t\t<\/div>\n\t\t\t\t<\/div>","protected":false},"excerpt":{"rendered":"<p>Congratulations! Your registration has been successful You have successfully subscribed to the Duplication Nation Update!\u00a0 From now on, you&#8217;ll receive a weekly alert from Randy and Jaime, offering insights on&hellip;<\/p>","protected":false},"author":246,"featured_media":0,"parent":0,"menu_order":0,"comment_status":"closed","ping_status":"closed","template":"","meta":{"_acf_changed":false,"_joinchat":[],"footnotes":""},"class_list":["post-6091","page","type-page","status-publish","hentry"],"acf":[],"_links":{"self":[{"href":"https:\/\/duplicationnation.com\/es\/wp-json\/wp\/v2\/pages\/6091","targetHints":{"allow":["GET"]}}],"collection":[{"href":"https:\/\/duplicationnation.com\/es\/wp-json\/wp\/v2\/pages"}],"about":[{"href":"https:\/\/duplicationnation.com\/es\/wp-json\/wp\/v2\/types\/page"}],"author":[{"embeddable":true,"href":"https:\/\/duplicationnation.com\/es\/wp-json\/wp\/v2\/users\/246"}],"replies":[{"embeddable":true,"href":"https:\/\/duplicationnation.com\/es\/wp-json\/wp\/v2\/comments?post=6091"}],"version-history":[{"count":0,"href":"https:\/\/duplicationnation.com\/es\/wp-json\/wp\/v2\/pages\/6091\/revisions"}],"wp:attachment":[{"href":"https:\/\/duplicationnation.com\/es\/wp-json\/wp\/v2\/media?parent=6091"}],"curies":[{"name":"wp","href":"https:\/\/api.w.org\/{rel}","templated":true}]}}