{"id":458,"date":"2022-12-06T14:55:49","date_gmt":"2022-12-06T19:55:49","guid":{"rendered":"https:\/\/duplicationnation.com\/carrito\/"},"modified":"2025-09-29T04:28:53","modified_gmt":"2025-09-29T09:28:53","slug":"cart","status":"publish","type":"page","link":"https:\/\/duplicationnation.com\/es\/cart\/","title":{"rendered":"Carrito de Compras"},"content":{"rendered":"\n<div data-block-name=\"woocommerce\/cart\" class=\"wp-block-woocommerce-cart alignwide is-loading\">\n<div data-block-name=\"woocommerce\/filled-cart-block\" class=\"wp-block-woocommerce-filled-cart-block\">\n<div data-block-name=\"woocommerce\/cart-items-block\" class=\"wp-block-woocommerce-cart-items-block\">\n<div data-block-name=\"woocommerce\/cart-line-items-block\" class=\"wp-block-woocommerce-cart-line-items-block\"><\/div>\n\n\n<\/div>\n\n\n\n<div data-block-name=\"woocommerce\/cart-totals-block\" class=\"wp-block-woocommerce-cart-totals-block\">\n<div data-block-name=\"woocommerce\/cart-order-summary-block\" class=\"wp-block-woocommerce-cart-order-summary-block\">\n<div data-block-name=\"woocommerce\/cart-order-summary-heading-block\" class=\"wp-block-woocommerce-cart-order-summary-heading-block\"><\/div>\n\n\n\n<div data-block-name=\"woocommerce\/cart-order-summary-coupon-form-block\" class=\"wp-block-woocommerce-cart-order-summary-coupon-form-block\"><\/div>\n\n\n\n<div data-block-name=\"woocommerce\/cart-order-summary-totals-block\" class=\"wp-block-woocommerce-cart-order-summary-totals-block\">\n<div data-block-name=\"woocommerce\/cart-order-summary-subtotal-block\" class=\"wp-block-woocommerce-cart-order-summary-subtotal-block\"><\/div>\n\n\n\n<div data-block-name=\"woocommerce\/cart-order-summary-fee-block\" class=\"wp-block-woocommerce-cart-order-summary-fee-block\"><\/div>\n\n\n\n<div data-block-name=\"woocommerce\/cart-order-summary-discount-block\" class=\"wp-block-woocommerce-cart-order-summary-discount-block\"><\/div>\n\n\n\n<div data-block-name=\"woocommerce\/cart-order-summary-shipping-block\" class=\"wp-block-woocommerce-cart-order-summary-shipping-block\"><\/div>\n\n\n\n<div data-block-name=\"woocommerce\/cart-order-summary-taxes-block\" class=\"wp-block-woocommerce-cart-order-summary-taxes-block\"><\/div>\n<\/div>\n<\/div>\n\n\n\n\n\n<div data-block-name=\"woocommerce\/cart-express-payment-block\" class=\"wp-block-woocommerce-cart-express-payment-block\"><\/div>\n\n\n\n<div data-block-name=\"woocommerce\/proceed-to-checkout-block\" class=\"wp-block-woocommerce-proceed-to-checkout-block\"><\/div>\n<div id=\"ppcp-recaptcha-v2-container\" style=\"margin:20px 0;\"><\/div>\n\n\n<div data-block-name=\"woocommerce\/cart-accepted-payment-methods-block\" class=\"wp-block-woocommerce-cart-accepted-payment-methods-block\"><\/div>\n<\/div>\n<\/div>\n\n\n\n<div data-block-name=\"woocommerce\/empty-cart-block\" class=\"wp-block-woocommerce-empty-cart-block\">\n<h2 class=\"wp-block-heading has-text-align-center with-empty-cart-icon wc-block-cart__empty-cart__title\">Your cart is currently empty!<\/h2>\n\n\n\n<hr class=\"wp-block-separator has-alpha-channel-opacity is-style-dots\"\/>\n\n\n\n<h2 class=\"wp-block-heading has-text-align-center\">New in store<\/h2>\n\n\n<div data-block-name=\"woocommerce\/product-new\" data-columns=\"4\" data-rows=\"1\" class=\"wc-block-grid wp-block-product-new wp-block-woocommerce-product-new wc-block-product-new has-4-columns\"><ul class=\"wc-block-grid__products\"><li class=\"wc-block-grid__product\"><span class=\"gtm4wp_productdata\" style=\"display:none; visibility:hidden;\" data-gtm4wp_product_data=\"{&quot;internal_id&quot;:6256,&quot;item_id&quot;:6256,&quot;item_name&quot;:&quot;Alchemy Orlando&quot;,&quot;sku&quot;:6256,&quot;price&quot;:477,&quot;stocklevel&quot;:null,&quot;stockstatus&quot;:&quot;instock&quot;,&quot;google_business_vertical&quot;:&quot;retail&quot;,&quot;item_category&quot;:&quot;Uncategorized&quot;,&quot;id&quot;:6256,&quot;productlink&quot;:&quot;https:\\\/\\\/duplicationnation.com\\\/es\\\/producto\\\/alchemy-orlando\\\/&quot;,&quot;item_list_name&quot;:&quot;Lista general de productos&quot;,&quot;index&quot;:0,&quot;product_type&quot;:&quot;simple&quot;,&quot;item_brand&quot;:&quot;&quot;}\"><\/span>\n\t\t\t\t<a href=\"https:\/\/duplicationnation.com\/es\/producto\/alchemy-orlando\/\" class=\"wc-block-grid__product-link\">\n\t\t\t\t\t\n\t\t\t\t\t<div class=\"wc-block-grid__product-image\"><img fetchpriority=\"high\" decoding=\"async\" width=\"300\" height=\"300\" src=\"https:\/\/duplicationnation.com\/wp-content\/uploads\/woocommerce-placeholder-300x300.png\" class=\"woocommerce-placeholder wp-post-image\" alt=\"\" srcset=\"https:\/\/duplicationnation.com\/wp-content\/uploads\/woocommerce-placeholder-300x300.png 300w, https:\/\/duplicationnation.com\/wp-content\/uploads\/woocommerce-placeholder-150x150.png 150w, https:\/\/duplicationnation.com\/wp-content\/uploads\/woocommerce-placeholder-600x600.png 600w, https:\/\/duplicationnation.com\/wp-content\/uploads\/woocommerce-placeholder-1024x1024.png 1024w, https:\/\/duplicationnation.com\/wp-content\/uploads\/woocommerce-placeholder-768x768.png 768w, https:\/\/duplicationnation.com\/wp-content\/uploads\/woocommerce-placeholder.png 1200w\" sizes=\"(max-width: 300px) 100vw, 300px\" \/><\/div>\n\t\t\t\t\t<div class=\"wc-block-grid__product-title\">Alchemy Orlando<\/div>\n\t\t\t\t<\/a>\n\t\t\t\t<div class=\"wc-block-grid__product-price price\"><span class=\"woocommerce-Price-amount amount\"><span class=\"woocommerce-Price-currencySymbol\">&#036;<\/span>477<\/span><\/div>\n\t\t\t\t\n\t\t\t\t<div class=\"wp-block-button wc-block-grid__product-add-to-cart\"><a href=\"\/es\/wp-json\/wp\/v2\/pages\/458?add-to-cart=6256\" aria-label=\"A\u00f1adir al carrito: &ldquo;Alchemy Orlando&rdquo;\" data-quantity=\"1\" data-product_id=\"6256\" data-product_sku=\"\" data-price=\"477\" rel=\"nofollow\" class=\"wp-block-button__link  add_to_cart_button ajax_add_to_cart\">A\u00f1adir al carrito<\/a><\/div>\n\t\t\t<\/li><li class=\"wc-block-grid__product\"><span class=\"gtm4wp_productdata\" style=\"display:none; visibility:hidden;\" data-gtm4wp_product_data=\"{&quot;internal_id&quot;:6008,&quot;item_id&quot;:6008,&quot;item_name&quot;:&quot;Educaci\\u00f3n Financiera para L\\u00edderes de Redes de Mercadeo&quot;,&quot;sku&quot;:6008,&quot;price&quot;:977,&quot;stocklevel&quot;:null,&quot;stockstatus&quot;:&quot;instock&quot;,&quot;google_business_vertical&quot;:&quot;retail&quot;,&quot;item_category&quot;:&quot;espa\\u00f1ol&quot;,&quot;id&quot;:6008,&quot;productlink&quot;:&quot;https:\\\/\\\/duplicationnation.com\\\/es\\\/producto\\\/educacion-financiera\\\/&quot;,&quot;item_list_name&quot;:&quot;Lista general de productos&quot;,&quot;index&quot;:0,&quot;product_type&quot;:&quot;simple&quot;,&quot;item_brand&quot;:&quot;&quot;}\"><\/span>\n\t\t\t\t<a href=\"https:\/\/duplicationnation.com\/es\/producto\/educacion-financiera\/\" class=\"wc-block-grid__product-link\">\n\t\t\t\t\t\n\t\t\t\t\t<div class=\"wc-block-grid__product-image\"><img decoding=\"async\" width=\"300\" height=\"300\" src=\"https:\/\/duplicationnation.com\/wp-content\/uploads\/2024\/03\/Mockup-solo-tapas-DVD-ES-300x300.jpg\" class=\"attachment-woocommerce_thumbnail size-woocommerce_thumbnail\" alt=\"Education Financiera\" srcset=\"https:\/\/duplicationnation.com\/wp-content\/uploads\/2024\/03\/Mockup-solo-tapas-DVD-ES-300x300.jpg 300w, https:\/\/duplicationnation.com\/wp-content\/uploads\/2024\/03\/Mockup-solo-tapas-DVD-ES-150x150.jpg 150w, https:\/\/duplicationnation.com\/wp-content\/uploads\/2024\/03\/Mockup-solo-tapas-DVD-ES-600x600.jpg 600w, https:\/\/duplicationnation.com\/wp-content\/uploads\/2024\/03\/Mockup-solo-tapas-DVD-ES.jpg 1080w\" sizes=\"(max-width: 300px) 100vw, 300px\" \/><\/div>\n\t\t\t\t\t<div class=\"wc-block-grid__product-title\">Educaci\u00f3n Financiera para L\u00edderes de Redes de Mercadeo<\/div>\n\t\t\t\t<\/a>\n\t\t\t\t<div class=\"wc-block-grid__product-price price\"><span class=\"woocommerce-Price-amount amount\"><span class=\"woocommerce-Price-currencySymbol\">&#036;<\/span>977<\/span><\/div>\n\t\t\t\t\n\t\t\t\t<div class=\"wp-block-button wc-block-grid__product-add-to-cart\"><a href=\"\/es\/wp-json\/wp\/v2\/pages\/458?add-to-cart=6008\" aria-label=\"A\u00f1adir al carrito: &ldquo;Educaci\u00f3n Financiera para L\u00edderes de Redes de Mercadeo&rdquo;\" data-quantity=\"1\" data-product_id=\"6008\" data-product_sku=\"\" data-price=\"977\" rel=\"nofollow\" class=\"wp-block-button__link  add_to_cart_button ajax_add_to_cart\">A\u00f1adir al carrito<\/a><\/div>\n\t\t\t<\/li><li class=\"wc-block-grid__product\"><span class=\"gtm4wp_productdata\" style=\"display:none; visibility:hidden;\" data-gtm4wp_product_data=\"{&quot;internal_id&quot;:6007,&quot;item_id&quot;:6007,&quot;item_name&quot;:&quot;Financial Literacy for Network Marketing Leaders&quot;,&quot;sku&quot;:6007,&quot;price&quot;:977,&quot;stocklevel&quot;:null,&quot;stockstatus&quot;:&quot;instock&quot;,&quot;google_business_vertical&quot;:&quot;retail&quot;,&quot;item_category&quot;:&quot;English&quot;,&quot;id&quot;:6007,&quot;productlink&quot;:&quot;https:\\\/\\\/duplicationnation.com\\\/es\\\/producto\\\/financial-literacy\\\/&quot;,&quot;item_list_name&quot;:&quot;Lista general de productos&quot;,&quot;index&quot;:0,&quot;product_type&quot;:&quot;simple&quot;,&quot;item_brand&quot;:&quot;&quot;}\"><\/span>\n\t\t\t\t<a href=\"https:\/\/duplicationnation.com\/es\/producto\/financial-literacy\/\" class=\"wc-block-grid__product-link\">\n\t\t\t\t\t\n\t\t\t\t\t<div class=\"wc-block-grid__product-image\"><img decoding=\"async\" width=\"300\" height=\"300\" src=\"https:\/\/duplicationnation.com\/wp-content\/uploads\/2024\/05\/Financial-Literacy-Media-Image-300x300.jpg\" class=\"attachment-woocommerce_thumbnail size-woocommerce_thumbnail\" alt=\"Financial Literacy\" srcset=\"https:\/\/duplicationnation.com\/wp-content\/uploads\/2024\/05\/Financial-Literacy-Media-Image-300x300.jpg 300w, https:\/\/duplicationnation.com\/wp-content\/uploads\/2024\/05\/Financial-Literacy-Media-Image-1024x1024.jpg 1024w, https:\/\/duplicationnation.com\/wp-content\/uploads\/2024\/05\/Financial-Literacy-Media-Image-150x150.jpg 150w, https:\/\/duplicationnation.com\/wp-content\/uploads\/2024\/05\/Financial-Literacy-Media-Image-768x768.jpg 768w, https:\/\/duplicationnation.com\/wp-content\/uploads\/2024\/05\/Financial-Literacy-Media-Image-12x12.jpg 12w, https:\/\/duplicationnation.com\/wp-content\/uploads\/2024\/05\/Financial-Literacy-Media-Image-600x600.jpg 600w, https:\/\/duplicationnation.com\/wp-content\/uploads\/2024\/05\/Financial-Literacy-Media-Image.jpg 1080w\" sizes=\"(max-width: 300px) 100vw, 300px\" \/><\/div>\n\t\t\t\t\t<div class=\"wc-block-grid__product-title\">Financial Literacy for Network Marketing Leaders<\/div>\n\t\t\t\t<\/a>\n\t\t\t\t<div class=\"wc-block-grid__product-price price\"><span class=\"woocommerce-Price-amount amount\"><span class=\"woocommerce-Price-currencySymbol\">&#036;<\/span>977<\/span><\/div>\n\t\t\t\t\n\t\t\t\t<div class=\"wp-block-button wc-block-grid__product-add-to-cart\"><a href=\"\/es\/wp-json\/wp\/v2\/pages\/458?add-to-cart=6007\" aria-label=\"A\u00f1adir al carrito: &ldquo;Financial Literacy for Network Marketing Leaders&rdquo;\" data-quantity=\"1\" data-product_id=\"6007\" data-product_sku=\"\" data-price=\"977\" rel=\"nofollow\" class=\"wp-block-button__link  add_to_cart_button ajax_add_to_cart\">A\u00f1adir al carrito<\/a><\/div>\n\t\t\t<\/li><li class=\"wc-block-grid__product\"><span class=\"gtm4wp_productdata\" style=\"display:none; visibility:hidden;\" data-gtm4wp_product_data=\"{&quot;internal_id&quot;:5821,&quot;item_id&quot;:5821,&quot;item_name&quot;:&quot;Financial Freedom Symposium VIP&quot;,&quot;sku&quot;:&quot;[Ventas] Compra Aprobada: Simposio de Libertad Financiera VIP EN&quot;,&quot;price&quot;:777,&quot;stocklevel&quot;:null,&quot;stockstatus&quot;:&quot;instock&quot;,&quot;google_business_vertical&quot;:&quot;retail&quot;,&quot;item_category&quot;:&quot;Uncategorized&quot;,&quot;id&quot;:5821,&quot;productlink&quot;:&quot;https:\\\/\\\/duplicationnation.com\\\/es\\\/producto\\\/financial-freedom-symposium-vip\\\/&quot;,&quot;item_list_name&quot;:&quot;Lista general de productos&quot;,&quot;index&quot;:0,&quot;product_type&quot;:&quot;simple&quot;,&quot;item_brand&quot;:&quot;&quot;}\"><\/span>\n\t\t\t\t<a href=\"https:\/\/duplicationnation.com\/es\/producto\/financial-freedom-symposium-vip\/\" class=\"wc-block-grid__product-link\">\n\t\t\t\t\t\n\t\t\t\t\t<div class=\"wc-block-grid__product-image\"><img loading=\"lazy\" decoding=\"async\" width=\"300\" height=\"300\" src=\"https:\/\/duplicationnation.com\/wp-content\/uploads\/2024\/02\/Miniatura-Hotmart-En-300x300.jpg\" class=\"attachment-woocommerce_thumbnail size-woocommerce_thumbnail\" alt=\"MLM Financial Freedom Symposium\" srcset=\"https:\/\/duplicationnation.com\/wp-content\/uploads\/2024\/02\/Miniatura-Hotmart-En-300x300.jpg 300w, https:\/\/duplicationnation.com\/wp-content\/uploads\/2024\/02\/Miniatura-Hotmart-En-150x150.jpg 150w, https:\/\/duplicationnation.com\/wp-content\/uploads\/2024\/02\/Miniatura-Hotmart-En-12x12.jpg 12w, https:\/\/duplicationnation.com\/wp-content\/uploads\/2024\/02\/Miniatura-Hotmart-En.jpg 600w\" sizes=\"(max-width: 300px) 100vw, 300px\" \/><\/div>\n\t\t\t\t\t<div class=\"wc-block-grid__product-title\">Financial Freedom Symposium VIP<\/div>\n\t\t\t\t<\/a>\n\t\t\t\t<div class=\"wc-block-grid__product-price price\"><span class=\"woocommerce-Price-amount amount\"><span class=\"woocommerce-Price-currencySymbol\">&#036;<\/span>777<\/span><\/div>\n\t\t\t\t\n\t\t\t\t<div class=\"wp-block-button wc-block-grid__product-add-to-cart\"><a href=\"\/es\/wp-json\/wp\/v2\/pages\/458?add-to-cart=5821\" aria-label=\"A\u00f1adir al carrito: &ldquo;Financial Freedom Symposium VIP&rdquo;\" data-quantity=\"1\" data-product_id=\"5821\" data-product_sku=\"[Ventas] Compra Aprobada: Simposio de Libertad Financiera VIP EN\" data-price=\"777\" rel=\"nofollow\" class=\"wp-block-button__link  add_to_cart_button ajax_add_to_cart\">A\u00f1adir al carrito<\/a><\/div>\n\t\t\t<\/li><\/ul><\/div><\/div>\n<\/div>\n","protected":false},"excerpt":{"rendered":"","protected":false},"author":2,"featured_media":0,"parent":0,"menu_order":0,"comment_status":"closed","ping_status":"closed","template":"","meta":{"_acf_changed":false,"_joinchat":[],"footnotes":""},"class_list":["post-458","page","type-page","status-publish","hentry"],"acf":[],"_links":{"self":[{"href":"https:\/\/duplicationnation.com\/es\/wp-json\/wp\/v2\/pages\/458","targetHints":{"allow":["GET"]}}],"collection":[{"href":"https:\/\/duplicationnation.com\/es\/wp-json\/wp\/v2\/pages"}],"about":[{"href":"https:\/\/duplicationnation.com\/es\/wp-json\/wp\/v2\/types\/page"}],"author":[{"embeddable":true,"href":"https:\/\/duplicationnation.com\/es\/wp-json\/wp\/v2\/users\/2"}],"replies":[{"embeddable":true,"href":"https:\/\/duplicationnation.com\/es\/wp-json\/wp\/v2\/comments?post=458"}],"version-history":[{"count":0,"href":"https:\/\/duplicationnation.com\/es\/wp-json\/wp\/v2\/pages\/458\/revisions"}],"wp:attachment":[{"href":"https:\/\/duplicationnation.com\/es\/wp-json\/wp\/v2\/media?parent=458"}],"curies":[{"name":"wp","href":"https:\/\/api.w.org\/{rel}","templated":true}]}}