{"id":27,"date":"2022-11-23T20:25:19","date_gmt":"2022-11-23T20:25:19","guid":{"rendered":"https:\/\/duplicationnation.com\/?page_id=27"},"modified":"2024-05-31T08:32:05","modified_gmt":"2024-05-31T13:32:05","slug":"about","status":"publish","type":"page","link":"https:\/\/duplicationnation.com\/es\/about\/","title":{"rendered":"Sobre Nosotros"},"content":{"rendered":"<div data-elementor-type=\"wp-page\" data-elementor-id=\"27\" class=\"elementor elementor-27\" data-elementor-post-type=\"page\">\n\t\t\t\t\t\t<section data-dce-background-color=\"#F4F5F8\" class=\"elementor-section elementor-top-section elementor-element elementor-element-2e64c57a elementor-section-boxed elementor-section-height-default elementor-section-height-default\" data-id=\"2e64c57a\" data-element_type=\"section\" data-e-type=\"section\" data-settings=\"{&quot;background_background&quot;:&quot;classic&quot;}\">\n\t\t\t\t\t\t<div class=\"elementor-container elementor-column-gap-default\">\n\t\t\t\t\t<div class=\"elementor-column elementor-col-100 elementor-top-column elementor-element elementor-element-52d40556\" data-id=\"52d40556\" data-element_type=\"column\" data-e-type=\"column\">\n\t\t\t<div class=\"elementor-widget-wrap elementor-element-populated\">\n\t\t\t\t\t\t<div class=\"elementor-element elementor-element-3b0fdc3 elementor-widget elementor-widget-heading\" data-id=\"3b0fdc3\" data-element_type=\"widget\" data-e-type=\"widget\" data-widget_type=\"heading.default\">\n\t\t\t\t<div class=\"elementor-widget-container\">\n\t\t\t\t\t<h2 class=\"elementor-heading-title elementor-size-default\">Sobre Nosotros<\/h2>\t\t\t\t<\/div>\n\t\t\t\t<\/div>\n\t\t\t\t\t<\/div>\n\t\t<\/div>\n\t\t\t\t\t<\/div>\n\t\t<\/section>\n\t\t\t\t<section class=\"elementor-section elementor-top-section elementor-element elementor-element-37f1061c elementor-section-boxed elementor-section-height-default elementor-section-height-default\" data-id=\"37f1061c\" data-element_type=\"section\" data-e-type=\"section\">\n\t\t\t\t\t\t<div class=\"elementor-container elementor-column-gap-no\">\n\t\t\t\t\t<div class=\"elementor-column elementor-col-33 elementor-top-column elementor-element elementor-element-7bae6cf2\" data-id=\"7bae6cf2\" data-element_type=\"column\" data-e-type=\"column\">\n\t\t\t<div class=\"elementor-widget-wrap elementor-element-populated\">\n\t\t\t\t\t\t<div class=\"elementor-element elementor-element-625c9387 dce_masking-none elementor-widget elementor-widget-image\" data-id=\"625c9387\" data-element_type=\"widget\" data-e-type=\"widget\" data-widget_type=\"image.default\">\n\t\t\t\t<div class=\"elementor-widget-container\">\n\t\t\t\t\t\t\t\t\t\t\t\t\t\t\t<img fetchpriority=\"high\" decoding=\"async\" width=\"1000\" height=\"1444\" src=\"https:\/\/duplicationnation.com\/wp-content\/uploads\/2022\/11\/Randy-1-min.png\" class=\"attachment-1536x1536 size-1536x1536 wp-image-12\" alt=\"Randy Gage\" srcset=\"https:\/\/duplicationnation.com\/wp-content\/uploads\/2022\/11\/Randy-1-min.png 1000w, https:\/\/duplicationnation.com\/wp-content\/uploads\/2022\/11\/Randy-1-min-600x866.png 600w, https:\/\/duplicationnation.com\/wp-content\/uploads\/2022\/11\/Randy-1-min-208x300.png 208w, https:\/\/duplicationnation.com\/wp-content\/uploads\/2022\/11\/Randy-1-min-709x1024.png 709w, https:\/\/duplicationnation.com\/wp-content\/uploads\/2022\/11\/Randy-1-min-768x1109.png 768w\" sizes=\"(max-width: 1000px) 100vw, 1000px\" \/>\t\t\t\t\t\t\t\t\t\t\t\t\t\t\t<\/div>\n\t\t\t\t<\/div>\n\t\t\t\t\t<\/div>\n\t\t<\/div>\n\t\t\t\t<div class=\"elementor-column elementor-col-33 elementor-top-column elementor-element elementor-element-2892e55f\" data-id=\"2892e55f\" data-element_type=\"column\" data-e-type=\"column\">\n\t\t\t<div class=\"elementor-widget-wrap elementor-element-populated\">\n\t\t\t\t\t\t<div class=\"elementor-element elementor-element-9ab8075 elementor-widget elementor-widget-text-editor\" data-id=\"9ab8075\" data-element_type=\"widget\" data-e-type=\"widget\" data-widget_type=\"text-editor.default\">\n\t\t\t\t<div class=\"elementor-widget-container\">\n\t\t\t\t\t\t\t\t\t<p><strong>Randy Gage<\/strong> is a living legend in the profession, having helped launch the industry in many developing countries, and arguably training more million-dollar earners than anyone on Earth.\u00a0\u00a0Over the course of his career Randy has been part of teams that have produced literally tens of billions of dollars in revenue.\u00a0He teaches from real-world experience, having personally built a team of more than 200,000 people across 50 countries.\u00a0\u00a0Randy is the author of 15 bestsellers translated into more than 25 languages, including\u00a0<em>\u00c9xito de venta directa<\/em>,\u00a0<em>DEFCON 1 Direct Selling,\u00a0<\/em>and his newest book,<em>\u00a0The ABCs of MLM.<\/em><\/p>\t\t\t\t\t\t\t\t<\/div>\n\t\t\t\t<\/div>\n\t\t\t\t\t<\/div>\n\t\t<\/div>\n\t\t\t\t<div class=\"elementor-column elementor-col-33 elementor-top-column elementor-element elementor-element-30b0d813\" data-id=\"30b0d813\" data-element_type=\"column\" data-e-type=\"column\">\n\t\t\t<div class=\"elementor-widget-wrap\">\n\t\t\t\t\t\t\t<\/div>\n\t\t<\/div>\n\t\t\t\t\t<\/div>\n\t\t<\/section>\n\t\t\t\t<section class=\"elementor-section elementor-top-section elementor-element elementor-element-732ae7a0 elementor-section-boxed elementor-section-height-default elementor-section-height-default\" data-id=\"732ae7a0\" data-element_type=\"section\" data-e-type=\"section\">\n\t\t\t\t\t\t<div class=\"elementor-container elementor-column-gap-no\">\n\t\t\t\t\t<div class=\"elementor-column elementor-col-33 elementor-top-column elementor-element elementor-element-7c7304d1\" data-id=\"7c7304d1\" data-element_type=\"column\" data-e-type=\"column\">\n\t\t\t<div class=\"elementor-widget-wrap elementor-element-populated\">\n\t\t\t\t\t\t<div class=\"elementor-element elementor-element-5735bd8b dce_masking-none elementor-widget elementor-widget-image\" data-id=\"5735bd8b\" data-element_type=\"widget\" data-e-type=\"widget\" data-widget_type=\"image.default\">\n\t\t\t\t<div class=\"elementor-widget-container\">\n\t\t\t\t\t\t\t\t\t\t\t\t\t\t\t<img decoding=\"async\" width=\"897\" height=\"1414\" src=\"https:\/\/duplicationnation.com\/wp-content\/uploads\/2022\/11\/JL-Eventos-min-1.png\" class=\"attachment-1536x1536 size-1536x1536 wp-image-72\" alt=\"Jaime Lokier\" srcset=\"https:\/\/duplicationnation.com\/wp-content\/uploads\/2022\/11\/JL-Eventos-min-1.png 897w, https:\/\/duplicationnation.com\/wp-content\/uploads\/2022\/11\/JL-Eventos-min-1-600x946.png 600w, https:\/\/duplicationnation.com\/wp-content\/uploads\/2022\/11\/JL-Eventos-min-1-190x300.png 190w, https:\/\/duplicationnation.com\/wp-content\/uploads\/2022\/11\/JL-Eventos-min-1-650x1024.png 650w, https:\/\/duplicationnation.com\/wp-content\/uploads\/2022\/11\/JL-Eventos-min-1-768x1211.png 768w\" sizes=\"(max-width: 897px) 100vw, 897px\" \/>\t\t\t\t\t\t\t\t\t\t\t\t\t\t\t<\/div>\n\t\t\t\t<\/div>\n\t\t\t\t\t<\/div>\n\t\t<\/div>\n\t\t\t\t<div class=\"elementor-column elementor-col-33 elementor-top-column elementor-element elementor-element-2d5798c9\" data-id=\"2d5798c9\" data-element_type=\"column\" data-e-type=\"column\">\n\t\t\t<div class=\"elementor-widget-wrap elementor-element-populated\">\n\t\t\t\t\t\t<div class=\"elementor-element elementor-element-baf84ae elementor-widget elementor-widget-text-editor\" data-id=\"baf84ae\" data-element_type=\"widget\" data-e-type=\"widget\" data-widget_type=\"text-editor.default\">\n\t\t\t\t<div class=\"elementor-widget-container\">\n\t\t\t\t\t\t\t\t\t<p><strong>Jaime Lokier<\/strong> es uno de los expertos en liderazgo de habla\nhispana m\u00e1s reconocidos. En 2008 form\u00f3 un equipo de m\u00e1s de 50.000 personas, lo que le llev\u00f3 a crear la consultora Multinivel en Serio. Ya seas distribuidor, director o propietario de la\nempresa, si quieres llevar tu red al siguiente nivel, Jaime es la persona que est\u00e1s buscando. Es autor de los best sellers <em>Redes de Liderazgo and Los L\u00edderes Mueren, Los Movimientos No, Birthing Leaders,<\/em>\u00a0y fundador de la Cumbre de L\u00edderes, el evento de capacitaci\u00f3n en Network Marketing\u00a0#1\u00a0en\u00a0espa\u00f1ol.<\/p>\t\t\t\t\t\t\t\t<\/div>\n\t\t\t\t<\/div>\n\t\t\t\t\t<\/div>\n\t\t<\/div>\n\t\t\t\t<div class=\"elementor-column elementor-col-33 elementor-top-column elementor-element elementor-element-364f2fd4\" data-id=\"364f2fd4\" data-element_type=\"column\" data-e-type=\"column\">\n\t\t\t<div class=\"elementor-widget-wrap\">\n\t\t\t\t\t\t\t<\/div>\n\t\t<\/div>\n\t\t\t\t\t<\/div>\n\t\t<\/section>\n\t\t\t\t<\/div>","protected":false},"excerpt":{"rendered":"<p>About Randy Gage is a living legend in the profession, having helped launch the industry in many developing countries, and arguably training more million-dollar earners than anyone on Earth.\u00a0\u00a0Over the&hellip;<\/p>","protected":false},"author":2,"featured_media":0,"parent":0,"menu_order":0,"comment_status":"closed","ping_status":"closed","template":"elementor_header_footer","meta":{"_acf_changed":false,"_joinchat":[],"footnotes":""},"class_list":["post-27","page","type-page","status-publish","hentry"],"acf":[],"_links":{"self":[{"href":"https:\/\/duplicationnation.com\/es\/wp-json\/wp\/v2\/pages\/27","targetHints":{"allow":["GET"]}}],"collection":[{"href":"https:\/\/duplicationnation.com\/es\/wp-json\/wp\/v2\/pages"}],"about":[{"href":"https:\/\/duplicationnation.com\/es\/wp-json\/wp\/v2\/types\/page"}],"author":[{"embeddable":true,"href":"https:\/\/duplicationnation.com\/es\/wp-json\/wp\/v2\/users\/2"}],"replies":[{"embeddable":true,"href":"https:\/\/duplicationnation.com\/es\/wp-json\/wp\/v2\/comments?post=27"}],"version-history":[{"count":0,"href":"https:\/\/duplicationnation.com\/es\/wp-json\/wp\/v2\/pages\/27\/revisions"}],"wp:attachment":[{"href":"https:\/\/duplicationnation.com\/es\/wp-json\/wp\/v2\/media?parent=27"}],"curies":[{"name":"wp","href":"https:\/\/api.w.org\/{rel}","templated":true}]}}